{"id":179,"date":"2018-11-12T18:27:15","date_gmt":"2018-11-12T18:27:15","guid":{"rendered":"http:\/\/www.repmaxint.com\/home\/?page_id=179"},"modified":"2018-12-26T14:33:02","modified_gmt":"2018-12-26T14:33:02","slug":"bacheoyreparacion","status":"publish","type":"page","link":"https:\/\/www.repmaxint.com\/home\/equipamiento\/estival\/bacheoyreparacion\/","title":{"rendered":"Bacheo y Reparaci\u00f3n de caminos"},"content":{"rendered":"<h4><span style=\"color: #808080;\"><strong>Modelo mini-combo con tolva <\/strong>de reciclado caliente de 2 toneladas de capacidad.<\/span><\/h4>\n<h4><img loading=\"lazy\" decoding=\"async\" class=\"alignnone wp-image-399 size-full\" src=\"http:\/\/www.repmaxint.com\/wp-content\/uploads\/2018\/11\/verano-1.jpg\" alt=\"\" width=\"2000\" height=\"1417\" srcset=\"https:\/\/www.repmaxint.com\/home\/wp-content\/uploads\/2018\/11\/verano-1.jpg 2000w, https:\/\/www.repmaxint.com\/home\/wp-content\/uploads\/2018\/11\/verano-1-300x213.jpg 300w, https:\/\/www.repmaxint.com\/home\/wp-content\/uploads\/2018\/11\/verano-1-768x544.jpg 768w, https:\/\/www.repmaxint.com\/home\/wp-content\/uploads\/2018\/11\/verano-1-1024x726.jpg 1024w\" sizes=\"auto, (max-width: 2000px) 100vw, 2000px\" \/><\/h4>\n<hr \/>\n<h4><span style=\"color: #808080;\"><strong>Modelo para montaje sobre cami\u00f3n <\/strong>de 2, 4 y 6 toneladas de capacidad de tolva de reciclado caliente.<\/span><\/h4>\n<h4><span style=\"color: #808080;\"><strong><img loading=\"lazy\" decoding=\"async\" class=\"alignnone wp-image-401 size-full\" src=\"http:\/\/www.repmaxint.com\/wp-content\/uploads\/2018\/11\/verano-2.jpg\" alt=\"\" width=\"2000\" height=\"1130\" srcset=\"https:\/\/www.repmaxint.com\/home\/wp-content\/uploads\/2018\/11\/verano-2.jpg 2000w, https:\/\/www.repmaxint.com\/home\/wp-content\/uploads\/2018\/11\/verano-2-300x170.jpg 300w, https:\/\/www.repmaxint.com\/home\/wp-content\/uploads\/2018\/11\/verano-2-768x434.jpg 768w, https:\/\/www.repmaxint.com\/home\/wp-content\/uploads\/2018\/11\/verano-2-1024x579.jpg 1024w\" sizes=\"auto, (max-width: 2000px) 100vw, 2000px\" \/><\/strong><\/span><\/h4>\n<h4 class=\"p1\"><span style=\"color: #808080;\">Detalles:<br \/>\n<\/span><strong><span style=\"color: #808080;\">\u2022 Reparaci\u00f3n r\u00e1pida.<br \/>\n<\/span><\/strong><strong><span style=\"color: #808080;\">\u2022 Evita las uniones o juntas fr\u00edas evitando filtraciones.<br \/>\n<\/span><\/strong><strong><span style=\"color: #808080;\">\u2022 Extremadamente bajo costo de reparaci\u00f3n de caminos.<br \/>\n<\/span><\/strong><strong><span style=\"color: #808080;\">\u2022 Evita la dependencia de disponibilidad de asfalto en planta.<\/span><\/strong><\/h4>\n<hr \/>\n<h4 class=\"p1\"><span style=\"color: #808080;\">Con el revolucionario sistema de reparaci\u00f3n de baches RAY-TECH se logra una reparaci\u00f3n con asfalto aglomerado en caliente de forma extremadamente r\u00e1pida y con resultados permanentes.\u00a0<\/span><span style=\"color: #808080;\">Este sistema se compone de una plataforma que calienta la superficie a tratar gracias a la acci\u00f3n de rayos infrarrojos. El conjunto posee su propia tolva de almacenado de asfalto aglomerado en caliente, el cual se utiliza para rellenar el faltante originado en el hueco del bache.<\/span><\/h4>\n<h4 class=\"p1\"><span style=\"color: #808080;\">Con este m\u00e9todo d\u00edgale adi\u00f3s a las plantas de aglomerado asf\u00e1ltico y maneje sus propios tiempos de trabajo. La tolva de almacenado de aglomerado permite adem\u00e1s calentar asfalto fri\u00f3 inclusive material recuperado y mantenerlo caliente durante 16 horas o el tiempo que Ud. quiera gracias a su sistema automatizado para mantener la mezcla a temperatura adecuada constante.\u00a0<\/span><span style=\"color: #808080;\">No m\u00e1s problemas debidos a las uniones de juntas fr\u00edas. Gracias a que la superficie es calentada en forma homog\u00e9nea, es decir se calienta la circunvalaci\u00f3n del bache y sus adyacencias lo que una vez compactada la reparaci\u00f3n elimina las filtraciones dada la homogeneidad de la reparaci\u00f3n.<\/span><\/h4>\n<h4 class=\"p1\"><span style=\"color: #808080;\">Tenemos varias opciones de equipos disponibles con capacidades de almacenado de aglomerado asf\u00e1ltico de hasta 8 toneladas para trabajos de reparaci\u00f3n importantes.<\/span><\/h4>\n","protected":false},"excerpt":{"rendered":"<p>Modelo mini-combo con tolva de reciclado caliente de 2 toneladas de capacidad. Modelo para montaje sobre cami\u00f3n de 2, 4 y 6 toneladas de capacidad de tolva de reciclado caliente. Detalles: \u2022 Reparaci\u00f3n r\u00e1pida. \u2022 Evita las uniones o juntas fr\u00edas evitando filtraciones. \u2022 Extremadamente bajo costo de reparaci\u00f3n de caminos. \u2022 Evita la dependencia<\/p>\n<div><a class=\"btn-filled btn\" href=\"https:\/\/www.repmaxint.com\/home\/equipamiento\/estival\/bacheoyreparacion\/\" title=\"Bacheo y Reparaci\u00f3n de caminos\">Read More<\/a><\/div>\n","protected":false},"author":1,"featured_media":0,"parent":187,"menu_order":0,"comment_status":"closed","ping_status":"closed","template":"page-templates\/sidebar-right.php","meta":{"footnotes":""},"class_list":["post-179","page","type-page","status-publish","hentry"],"_links":{"self":[{"href":"https:\/\/www.repmaxint.com\/home\/wp-json\/wp\/v2\/pages\/179","targetHints":{"allow":["GET"]}}],"collection":[{"href":"https:\/\/www.repmaxint.com\/home\/wp-json\/wp\/v2\/pages"}],"about":[{"href":"https:\/\/www.repmaxint.com\/home\/wp-json\/wp\/v2\/types\/page"}],"author":[{"embeddable":true,"href":"https:\/\/www.repmaxint.com\/home\/wp-json\/wp\/v2\/users\/1"}],"replies":[{"embeddable":true,"href":"https:\/\/www.repmaxint.com\/home\/wp-json\/wp\/v2\/comments?post=179"}],"version-history":[{"count":22,"href":"https:\/\/www.repmaxint.com\/home\/wp-json\/wp\/v2\/pages\/179\/revisions"}],"predecessor-version":[{"id":549,"href":"https:\/\/www.repmaxint.com\/home\/wp-json\/wp\/v2\/pages\/179\/revisions\/549"}],"up":[{"embeddable":true,"href":"https:\/\/www.repmaxint.com\/home\/wp-json\/wp\/v2\/pages\/187"}],"wp:attachment":[{"href":"https:\/\/www.repmaxint.com\/home\/wp-json\/wp\/v2\/media?parent=179"}],"curies":[{"name":"wp","href":"https:\/\/api.w.org\/{rel}","templated":true}]}}