{"id":185,"date":"2018-11-12T18:28:19","date_gmt":"2018-11-12T18:28:19","guid":{"rendered":"http:\/\/www.repmaxint.com\/home\/?page_id=185"},"modified":"2020-10-18T12:53:25","modified_gmt":"2020-10-18T12:53:25","slug":"nosotros","status":"publish","type":"page","link":"https:\/\/www.repmaxint.com\/home\/nosotros\/","title":{"rendered":"Nosotros"},"content":{"rendered":"<h2><span style=\"color: #808080;\">Repmax International es una empresa con presencia en el mercado internacional de elementos para la vialidad invernal desde el a\u00f1o 1986.<\/span><\/h2>\n<h4><span style=\"color: #808080;\">Nuestra experiencia en el mercado ha marcado siempre una diferencia en el aspecto de asesoramiento al cliente. Nos hemos ganado el respeto por proveer siempre el equipo m\u00e1s adecuado acorde a la real necesidad del cliente.<\/span><\/h4>\n<p><span style=\"color: #808080;\">Ninguno de los equipos que ofrecemos es producto de una copia vulgar sino por el contrario son equipos dise\u00f1ados y desarrollados por t\u00e9cnicos e ingenieros con la inestimable colaboraci\u00f3n de la experiencia de los clientes en terreno dando por resultado la tecnolog\u00eda y los materiales acordes para enfrentar las condiciones mas adversas del invierno. La prueba es que algunos de los equipos que hemos provisto y que mas castigo reciben por naturaleza aun hoy despu\u00e9s de 20 a\u00f1os todav\u00eda contribuyen al mantenimiento de carreteras y caminos expeditos de nieve y hielo.\u00a0<\/span><strong><span style=\"color: #808080;\">Recuerde, no siempre un mayor gasto en un equipo puede garantizarle contar con el quitanieves mas adecuado para la tarea sino es el equipo con el mejor dise\u00f1o el que logra el mejor resultado el cual le garantizamos tendr\u00e1 el precio mas equilibrado del mercado.<\/span><\/strong><\/p>\n<p><span style=\"color: #808080;\">Los invitamos a navegar por nuestro sitio web para obtener m\u00e1s informaci\u00f3n sobre la l\u00ednea completa de soluciones disponibles para cada necesidad.<\/span><\/p>\n<p><span style=\"color: #808080;\"><strong>Repmax International \u00a0posee una red de distribuidores \u00a0especializados en la instalaci\u00f3n y el servicio de venta de recambios \/ repuestos accesorios de todos \u00a0los equipos seg\u00fan sea la ubicaci\u00f3n \u00a0geogr\u00e1fica del \u00a0usuario final.<\/strong><\/span><\/p>\n<p style=\"font-weight: 400;\"><span style=\"color: #808080;\">Por ello nos interesa que los clientes tengan satisfacci\u00f3n de comprar el equipo m\u00e1s adecuado a su necesidad gracias a nuestra dedicaci\u00f3n al asesoramiento t\u00e9cnico en todo momento desde el mismo inicio del proyecto hasta su concreci\u00f3n en la puesta en marcha en terreno.<\/span><\/p>\n<p style=\"font-weight: 400;\"><span style=\"color: #808080;\">Damos la bienvenida tanto a clientes particulares, empresas de mantenimiento, organismos municipales o estatales , todos son bienvenidos con \u00a0sus consultas.<br \/>\n<\/span><\/p>\n<p><span style=\"color: #808080;\">Conoc\u00e9 nuestro canal de Youtube en el siguiente <a href=\"http:\/\/www.youtube.com\/channel\/UC5VbzE8FaD1C6XqoAmF0_GQ\">link<\/a>\u00a0<\/span><\/p>\n","protected":false},"excerpt":{"rendered":"<p>Repmax International es una empresa con presencia en el mercado internacional de elementos para la vialidad invernal desde el a\u00f1o 1986. Nuestra experiencia en el mercado ha marcado siempre una diferencia en el aspecto de asesoramiento al cliente. Nos hemos ganado el respeto por proveer siempre el equipo m\u00e1s adecuado acorde a la real necesidad<\/p>\n<div><a class=\"btn-filled btn\" href=\"https:\/\/www.repmaxint.com\/home\/nosotros\/\" title=\"Nosotros\">Read More<\/a><\/div>\n","protected":false},"author":1,"featured_media":0,"parent":0,"menu_order":0,"comment_status":"closed","ping_status":"closed","template":"page-templates\/full-width.php","meta":{"footnotes":""},"class_list":["post-185","page","type-page","status-publish","hentry"],"_links":{"self":[{"href":"https:\/\/www.repmaxint.com\/home\/wp-json\/wp\/v2\/pages\/185","targetHints":{"allow":["GET"]}}],"collection":[{"href":"https:\/\/www.repmaxint.com\/home\/wp-json\/wp\/v2\/pages"}],"about":[{"href":"https:\/\/www.repmaxint.com\/home\/wp-json\/wp\/v2\/types\/page"}],"author":[{"embeddable":true,"href":"https:\/\/www.repmaxint.com\/home\/wp-json\/wp\/v2\/users\/1"}],"replies":[{"embeddable":true,"href":"https:\/\/www.repmaxint.com\/home\/wp-json\/wp\/v2\/comments?post=185"}],"version-history":[{"count":15,"href":"https:\/\/www.repmaxint.com\/home\/wp-json\/wp\/v2\/pages\/185\/revisions"}],"predecessor-version":[{"id":2614,"href":"https:\/\/www.repmaxint.com\/home\/wp-json\/wp\/v2\/pages\/185\/revisions\/2614"}],"wp:attachment":[{"href":"https:\/\/www.repmaxint.com\/home\/wp-json\/wp\/v2\/media?parent=185"}],"curies":[{"name":"wp","href":"https:\/\/api.w.org\/{rel}","templated":true}]}}