{"id":187,"date":"2018-11-12T18:28:32","date_gmt":"2018-11-12T18:28:32","guid":{"rendered":"http:\/\/www.repmaxint.com\/home\/?page_id=187"},"modified":"2018-12-26T14:21:00","modified_gmt":"2018-12-26T14:21:00","slug":"estival","status":"publish","type":"page","link":"https:\/\/www.repmaxint.com\/home\/equipamiento\/estival\/","title":{"rendered":"Estival"},"content":{"rendered":"<h2><span style=\"color: #808080;\">Equipamiento para uso estival<\/span><\/h2>\n<hr \/>\n<h4><span style=\"color: #808080;\">Repmax International solamente provee tecnolog\u00eda de alto nivel y de reconocida eficacia en diversos campos de uso, en este caso presentamos equipamiento para uso estival probado en el mejoramiento de la circulaci\u00f3n vehicular en caminos hechos con aglomerado asf\u00e1ltico (Incluidas reparaciones de bacheo en pistas de aviaci\u00f3n durante pleno invierno inclusive).<\/span><\/h4>\n<h4><span style=\"color: #808080;\">Aumentando nuestra oferta para la clientela de contratistas agr\u00edcolas que nos han manifestado la necesidad de incorporar aditamentos que puedan ayudar a aumentar la facturaci\u00f3n de servicios durante todo el a\u00f1o estamos ofreciendo los sistemas de despedregadores para la recuperaci\u00f3n de campos que de otra manera est\u00e1n \u00a0marginados de la producci\u00f3n agr\u00edcola por el exceso de rocas o piedras en sus suelos.<\/span><\/h4>\n<div id='gallery-2' class='gallery galleryid-187 gallery-columns-1 gallery-size-full'><figure class='gallery-item'>\n\t\t\t<div class='gallery-icon landscape'>\n\t\t\t\t<a href=\"http:\/\/www.repmaxint.com\/equipamiento\/estival\/bacheoyreparacion\/\" class=\"no-lightbox\"><img loading=\"lazy\" decoding=\"async\" width=\"1480\" height=\"1032\" src=\"https:\/\/www.repmaxint.com\/home\/wp-content\/uploads\/2018\/12\/bacheo.jpg\" class=\"attachment-full size-full\" alt=\"\" srcset=\"https:\/\/www.repmaxint.com\/home\/wp-content\/uploads\/2018\/12\/bacheo.jpg 1480w, https:\/\/www.repmaxint.com\/home\/wp-content\/uploads\/2018\/12\/bacheo-300x209.jpg 300w, https:\/\/www.repmaxint.com\/home\/wp-content\/uploads\/2018\/12\/bacheo-768x536.jpg 768w, https:\/\/www.repmaxint.com\/home\/wp-content\/uploads\/2018\/12\/bacheo-1024x714.jpg 1024w\" sizes=\"auto, (max-width: 1480px) 100vw, 1480px\" \/><\/a>\n\t\t\t<\/div><\/figure><figure class='gallery-item'>\n\t\t\t<div class='gallery-icon landscape'>\n\t\t\t\t<a href=\"http:\/\/www.repmaxint.com\/equipamiento\/estival\/agricola\/\" class=\"no-lightbox\"><img loading=\"lazy\" decoding=\"async\" width=\"1480\" height=\"1032\" src=\"https:\/\/www.repmaxint.com\/home\/wp-content\/uploads\/2018\/11\/agricola.jpg\" class=\"attachment-full size-full\" alt=\"\" srcset=\"https:\/\/www.repmaxint.com\/home\/wp-content\/uploads\/2018\/11\/agricola.jpg 1480w, https:\/\/www.repmaxint.com\/home\/wp-content\/uploads\/2018\/11\/agricola-300x209.jpg 300w, https:\/\/www.repmaxint.com\/home\/wp-content\/uploads\/2018\/11\/agricola-768x536.jpg 768w, https:\/\/www.repmaxint.com\/home\/wp-content\/uploads\/2018\/11\/agricola-1024x714.jpg 1024w\" sizes=\"auto, (max-width: 1480px) 100vw, 1480px\" \/><\/a>\n\t\t\t<\/div><\/figure>\n\t\t<\/div>\n\n","protected":false},"excerpt":{"rendered":"<p>Equipamiento para uso estival Repmax International solamente provee tecnolog\u00eda de alto nivel y de reconocida eficacia en diversos campos de uso, en este caso presentamos equipamiento para uso estival probado en el mejoramiento de la circulaci\u00f3n vehicular en caminos hechos con aglomerado asf\u00e1ltico (Incluidas reparaciones de bacheo en pistas de aviaci\u00f3n durante pleno invierno inclusive).<\/p>\n<div><a class=\"btn-filled btn\" href=\"https:\/\/www.repmaxint.com\/home\/equipamiento\/estival\/\" title=\"Estival\">Read More<\/a><\/div>\n","protected":false},"author":1,"featured_media":0,"parent":66,"menu_order":0,"comment_status":"closed","ping_status":"closed","template":"page-templates\/sidebar-right.php","meta":{"footnotes":""},"class_list":["post-187","page","type-page","status-publish","hentry"],"_links":{"self":[{"href":"https:\/\/www.repmaxint.com\/home\/wp-json\/wp\/v2\/pages\/187","targetHints":{"allow":["GET"]}}],"collection":[{"href":"https:\/\/www.repmaxint.com\/home\/wp-json\/wp\/v2\/pages"}],"about":[{"href":"https:\/\/www.repmaxint.com\/home\/wp-json\/wp\/v2\/types\/page"}],"author":[{"embeddable":true,"href":"https:\/\/www.repmaxint.com\/home\/wp-json\/wp\/v2\/users\/1"}],"replies":[{"embeddable":true,"href":"https:\/\/www.repmaxint.com\/home\/wp-json\/wp\/v2\/comments?post=187"}],"version-history":[{"count":18,"href":"https:\/\/www.repmaxint.com\/home\/wp-json\/wp\/v2\/pages\/187\/revisions"}],"predecessor-version":[{"id":586,"href":"https:\/\/www.repmaxint.com\/home\/wp-json\/wp\/v2\/pages\/187\/revisions\/586"}],"up":[{"embeddable":true,"href":"https:\/\/www.repmaxint.com\/home\/wp-json\/wp\/v2\/pages\/66"}],"wp:attachment":[{"href":"https:\/\/www.repmaxint.com\/home\/wp-json\/wp\/v2\/media?parent=187"}],"curies":[{"name":"wp","href":"https:\/\/api.w.org\/{rel}","templated":true}]}}