{"id":190,"date":"2018-11-12T18:31:29","date_gmt":"2018-11-12T18:31:29","guid":{"rendered":"http:\/\/www.repmaxint.com\/home\/?page_id=190"},"modified":"2018-12-26T15:51:38","modified_gmt":"2018-12-26T15:51:38","slug":"municipalcarretero","status":"publish","type":"page","link":"https:\/\/www.repmaxint.com\/home\/equipamiento\/municipalcarretero\/","title":{"rendered":"Municipal y Carretero"},"content":{"rendered":"<h2><span style=\"color: #808080;\">Equipamiento para uso Municipal y Carretero<\/span><\/h2>\n<hr \/>\n<h4><strong><span style=\"color: #808080;\">El equipamiento para vialidad invernal utilizado en el mantenimiento de carreteras y calles es el que m\u00e1s se castiga por varias causas: constantes obst\u00e1culos con los que a diario se encuentran estos equipos ya sea como objetos prominentes o bien roturas del piso oculto por la nieve, la dureza en el manejo por parte de los operarios.<\/span><\/strong><\/h4>\n<h4><strong><span style=\"color: #808080;\">Con estas condiciones es imposible imaginar que una quitanieves que no tiene desarrollo en su dise\u00f1o por falta de experiencia del fabricante pueda resistir mucho el rigor de la tarea que se espera, por consiguiente, la inversi\u00f3n termina en muchos casos multiplicando el costo inicial del equipo a lo largo de su vida \u00fatil.<\/span><\/strong><\/h4>\n<h4><strong><span style=\"color: #808080;\">Repmax International conoce perfectamente este problema y sabe la desaz\u00f3n del comprador al aceptar el hecho de haber adquirido equipos de mala calidad. Conf\u00ede en nuestro equipos los cuales retribuir\u00e1n con creces la compra del equipo m\u00e1s apto para el desaf\u00edo que os presente el camino en invierno otorgando en cambio satisfacci\u00f3n al cliente y al beneficiario final que es el ciudadano o usuario com\u00fan.<\/span><\/strong><\/h4>\n<div id='gallery-2' class='gallery galleryid-190 gallery-columns-2 gallery-size-full'><figure class='gallery-item'>\n\t\t\t<div class='gallery-icon landscape'>\n\t\t\t\t<a href=\"http:\/\/www.repmaxint.com\/home\/equipamiento\/municipalcarretero\/quitanieves\/\" target=\"_self\" class=\"no-lightbox\"><img loading=\"lazy\" decoding=\"async\" width=\"1480\" height=\"1032\" src=\"https:\/\/www.repmaxint.com\/home\/wp-content\/uploads\/2018\/12\/bto-quitanieves.jpg\" class=\"attachment-full size-full\" alt=\"\" srcset=\"https:\/\/www.repmaxint.com\/home\/wp-content\/uploads\/2018\/12\/bto-quitanieves.jpg 1480w, https:\/\/www.repmaxint.com\/home\/wp-content\/uploads\/2018\/12\/bto-quitanieves-300x209.jpg 300w, https:\/\/www.repmaxint.com\/home\/wp-content\/uploads\/2018\/12\/bto-quitanieves-768x536.jpg 768w, https:\/\/www.repmaxint.com\/home\/wp-content\/uploads\/2018\/12\/bto-quitanieves-1024x714.jpg 1024w\" sizes=\"auto, (max-width: 1480px) 100vw, 1480px\" \/><\/a>\n\t\t\t<\/div><\/figure><figure class='gallery-item'>\n\t\t\t<div class='gallery-icon landscape'>\n\t\t\t\t<a href=\"http:\/\/www.repmaxint.com\/home\/equipamiento\/municipalcarretero\/extendedores-de-sal\/\" target=\"_self\" class=\"no-lightbox\"><img loading=\"lazy\" decoding=\"async\" width=\"1480\" height=\"1032\" src=\"https:\/\/www.repmaxint.com\/home\/wp-content\/uploads\/2018\/12\/bto-extendedores.jpg\" class=\"attachment-full size-full\" alt=\"\" srcset=\"https:\/\/www.repmaxint.com\/home\/wp-content\/uploads\/2018\/12\/bto-extendedores.jpg 1480w, https:\/\/www.repmaxint.com\/home\/wp-content\/uploads\/2018\/12\/bto-extendedores-300x209.jpg 300w, https:\/\/www.repmaxint.com\/home\/wp-content\/uploads\/2018\/12\/bto-extendedores-768x536.jpg 768w, https:\/\/www.repmaxint.com\/home\/wp-content\/uploads\/2018\/12\/bto-extendedores-1024x714.jpg 1024w\" sizes=\"auto, (max-width: 1480px) 100vw, 1480px\" \/><\/a>\n\t\t\t<\/div><\/figure><figure class='gallery-item'>\n\t\t\t<div class='gallery-icon landscape'>\n\t\t\t\t<a href=\"http:\/\/www.repmaxint.com\/home\/equipamiento\/municipalcarretero\/fresadores-de-nieve\/\" target=\"_self\"><img loading=\"lazy\" decoding=\"async\" width=\"1480\" height=\"1032\" src=\"https:\/\/www.repmaxint.com\/home\/wp-content\/uploads\/2018\/12\/bto-fresadores.jpg\" class=\"attachment-full size-full\" alt=\"\" srcset=\"https:\/\/www.repmaxint.com\/home\/wp-content\/uploads\/2018\/12\/bto-fresadores.jpg 1480w, https:\/\/www.repmaxint.com\/home\/wp-content\/uploads\/2018\/12\/bto-fresadores-300x209.jpg 300w, https:\/\/www.repmaxint.com\/home\/wp-content\/uploads\/2018\/12\/bto-fresadores-768x536.jpg 768w, https:\/\/www.repmaxint.com\/home\/wp-content\/uploads\/2018\/12\/bto-fresadores-1024x714.jpg 1024w\" sizes=\"auto, (max-width: 1480px) 100vw, 1480px\" \/><\/a>\n\t\t\t<\/div><\/figure><figure class='gallery-item'>\n\t\t\t<div class='gallery-icon landscape'>\n\t\t\t\t<a href=\"http:\/\/www.repmaxint.com\/equipamiento\/municipalcarretero\/prevencion-de-formacion-de-hielo\/\" class=\"no-lightbox\"><img loading=\"lazy\" decoding=\"async\" width=\"1480\" height=\"1032\" src=\"https:\/\/www.repmaxint.com\/home\/wp-content\/uploads\/2018\/12\/bto-prevencion.jpg\" class=\"attachment-full size-full\" alt=\"\" srcset=\"https:\/\/www.repmaxint.com\/home\/wp-content\/uploads\/2018\/12\/bto-prevencion.jpg 1480w, https:\/\/www.repmaxint.com\/home\/wp-content\/uploads\/2018\/12\/bto-prevencion-300x209.jpg 300w, https:\/\/www.repmaxint.com\/home\/wp-content\/uploads\/2018\/12\/bto-prevencion-768x536.jpg 768w, https:\/\/www.repmaxint.com\/home\/wp-content\/uploads\/2018\/12\/bto-prevencion-1024x714.jpg 1024w\" sizes=\"auto, (max-width: 1480px) 100vw, 1480px\" \/><\/a>\n\t\t\t<\/div><\/figure>\n\t\t<\/div>\n\n","protected":false},"excerpt":{"rendered":"<p>Equipamiento para uso Municipal y Carretero El equipamiento para vialidad invernal utilizado en el mantenimiento de carreteras y calles es el que m\u00e1s se castiga por varias causas: constantes obst\u00e1culos con los que a diario se encuentran estos equipos ya sea como objetos prominentes o bien roturas del piso oculto por la nieve, la dureza<\/p>\n<div><a class=\"btn-filled btn\" href=\"https:\/\/www.repmaxint.com\/home\/equipamiento\/municipalcarretero\/\" title=\"Municipal y Carretero\">Read More<\/a><\/div>\n","protected":false},"author":1,"featured_media":0,"parent":66,"menu_order":0,"comment_status":"closed","ping_status":"closed","template":"page-templates\/sidebar-right.php","meta":{"footnotes":""},"class_list":["post-190","page","type-page","status-publish","hentry"],"_links":{"self":[{"href":"https:\/\/www.repmaxint.com\/home\/wp-json\/wp\/v2\/pages\/190","targetHints":{"allow":["GET"]}}],"collection":[{"href":"https:\/\/www.repmaxint.com\/home\/wp-json\/wp\/v2\/pages"}],"about":[{"href":"https:\/\/www.repmaxint.com\/home\/wp-json\/wp\/v2\/types\/page"}],"author":[{"embeddable":true,"href":"https:\/\/www.repmaxint.com\/home\/wp-json\/wp\/v2\/users\/1"}],"replies":[{"embeddable":true,"href":"https:\/\/www.repmaxint.com\/home\/wp-json\/wp\/v2\/comments?post=190"}],"version-history":[{"count":28,"href":"https:\/\/www.repmaxint.com\/home\/wp-json\/wp\/v2\/pages\/190\/revisions"}],"predecessor-version":[{"id":563,"href":"https:\/\/www.repmaxint.com\/home\/wp-json\/wp\/v2\/pages\/190\/revisions\/563"}],"up":[{"embeddable":true,"href":"https:\/\/www.repmaxint.com\/home\/wp-json\/wp\/v2\/pages\/66"}],"wp:attachment":[{"href":"https:\/\/www.repmaxint.com\/home\/wp-json\/wp\/v2\/media?parent=190"}],"curies":[{"name":"wp","href":"https:\/\/api.w.org\/{rel}","templated":true}]}}