{"id":2,"date":"2018-10-15T23:52:05","date_gmt":"2018-10-15T23:52:05","guid":{"rendered":"http:\/\/www.repmaxint.com\/home\/?page_id=2"},"modified":"2018-11-30T15:30:26","modified_gmt":"2018-11-30T15:30:26","slug":"aeroportuario","status":"publish","type":"page","link":"https:\/\/www.repmaxint.com\/home\/equipamiento\/aeroportuario\/","title":{"rendered":"Aeroportuario"},"content":{"rendered":"<h2><span style=\"color: #808080;\">Equipamiento para uso Aeroportuario<\/span><\/h2>\n<hr \/>\n<h4><span style=\"color: #808080;\">La mantenci\u00f3n de las pistas de aviaci\u00f3n es uno de los renglones mas demandantes de la actividad invernal. El equipo debe contar con la posibilidad de minimizar el tiempo de trabajo al m\u00e1ximo posible para poder recuperar el coeficiente de fricci\u00d3n adecuado a los niveles de seguridad que demandan hoy d\u00eda los aeropuertos. <\/span><\/h4>\n<h4><span style=\"color: #808080;\">Repmax International ofrece fresadores de nieve de m\u00ednima a m\u00e1xima capacidad de trabajo, sopladores para la liberaci\u00f3n de nieve de las luces demarcadoras , cepillos, quitanieves y extendedores de materiales secos o l\u00edquidos para el descontaminado de hielo, todos disponibles hechos a la medida del desaf\u00edo que nos presenta el cliente.<\/span><\/h4>\n<h4><img loading=\"lazy\" decoding=\"async\" class=\"alignnone wp-image-416 size-full\" src=\"http:\/\/www.repmaxint.com\/wp-content\/uploads\/2018\/11\/aeroportuario-1-2.jpg\" alt=\"\" width=\"2000\" height=\"1060\" srcset=\"https:\/\/www.repmaxint.com\/home\/wp-content\/uploads\/2018\/11\/aeroportuario-1-2.jpg 2000w, https:\/\/www.repmaxint.com\/home\/wp-content\/uploads\/2018\/11\/aeroportuario-1-2-300x159.jpg 300w, https:\/\/www.repmaxint.com\/home\/wp-content\/uploads\/2018\/11\/aeroportuario-1-2-768x407.jpg 768w, https:\/\/www.repmaxint.com\/home\/wp-content\/uploads\/2018\/11\/aeroportuario-1-2-1024x543.jpg 1024w\" sizes=\"auto, (max-width: 2000px) 100vw, 2000px\" \/><\/h4>\n<h4><span style=\"color: #808080;\"><strong>Quitanieves <\/strong>para operaci\u00f3n portuaria de hasta 6.7 m de ancho.<\/span><\/h4>\n<hr \/>\n<h4><img loading=\"lazy\" decoding=\"async\" class=\"alignnone wp-image-409 size-full\" src=\"http:\/\/www.repmaxint.com\/wp-content\/uploads\/2018\/11\/aeroportuario-2.jpg\" alt=\"\" width=\"2000\" height=\"1060\" srcset=\"https:\/\/www.repmaxint.com\/home\/wp-content\/uploads\/2018\/11\/aeroportuario-2.jpg 2000w, https:\/\/www.repmaxint.com\/home\/wp-content\/uploads\/2018\/11\/aeroportuario-2-300x159.jpg 300w, https:\/\/www.repmaxint.com\/home\/wp-content\/uploads\/2018\/11\/aeroportuario-2-768x407.jpg 768w, https:\/\/www.repmaxint.com\/home\/wp-content\/uploads\/2018\/11\/aeroportuario-2-1024x543.jpg 1024w\" sizes=\"auto, (max-width: 2000px) 100vw, 2000px\" \/><\/h4>\n<h4><span style=\"color: #808080;\"><strong>Fresadores din\u00e1micos <\/strong>con alta capacidad de trabajo. Sistema inteligente h\u00edbrido con capacidad de lanzado de hasta 10,000 t\/hora de medidas disponibles.<\/span><\/h4>\n<hr \/>\n<h4><img loading=\"lazy\" decoding=\"async\" class=\"alignnone wp-image-411 size-full\" src=\"http:\/\/www.repmaxint.com\/wp-content\/uploads\/2018\/11\/aeroportuario-4.jpg\" alt=\"\" width=\"2000\" height=\"1060\" srcset=\"https:\/\/www.repmaxint.com\/home\/wp-content\/uploads\/2018\/11\/aeroportuario-4.jpg 2000w, https:\/\/www.repmaxint.com\/home\/wp-content\/uploads\/2018\/11\/aeroportuario-4-300x159.jpg 300w, https:\/\/www.repmaxint.com\/home\/wp-content\/uploads\/2018\/11\/aeroportuario-4-768x407.jpg 768w, https:\/\/www.repmaxint.com\/home\/wp-content\/uploads\/2018\/11\/aeroportuario-4-1024x543.jpg 1024w\" sizes=\"auto, (max-width: 2000px) 100vw, 2000px\" \/><\/h4>\n<p><img loading=\"lazy\" decoding=\"async\" class=\"alignnone wp-image-410 size-full\" src=\"http:\/\/www.repmaxint.com\/wp-content\/uploads\/2018\/11\/aeroportuario-3.jpg\" alt=\"\" width=\"2000\" height=\"1060\" srcset=\"https:\/\/www.repmaxint.com\/home\/wp-content\/uploads\/2018\/11\/aeroportuario-3.jpg 2000w, https:\/\/www.repmaxint.com\/home\/wp-content\/uploads\/2018\/11\/aeroportuario-3-300x159.jpg 300w, https:\/\/www.repmaxint.com\/home\/wp-content\/uploads\/2018\/11\/aeroportuario-3-768x407.jpg 768w, https:\/\/www.repmaxint.com\/home\/wp-content\/uploads\/2018\/11\/aeroportuario-3-1024x543.jpg 1024w\" sizes=\"auto, (max-width: 2000px) 100vw, 2000px\" \/><\/p>\n<h4><span style=\"color: #808080;\"><strong>Cepillos rotativos <\/strong>de tiro o acoplables a unidad carrier intercambiable de diversos anchos.<\/span><\/h4>\n<hr \/>\n<h4><img loading=\"lazy\" decoding=\"async\" class=\"alignnone wp-image-412 size-full\" src=\"http:\/\/www.repmaxint.com\/wp-content\/uploads\/2018\/11\/aeroportuario-5.jpg\" alt=\"\" width=\"2000\" height=\"1060\" srcset=\"https:\/\/www.repmaxint.com\/home\/wp-content\/uploads\/2018\/11\/aeroportuario-5.jpg 2000w, https:\/\/www.repmaxint.com\/home\/wp-content\/uploads\/2018\/11\/aeroportuario-5-300x159.jpg 300w, https:\/\/www.repmaxint.com\/home\/wp-content\/uploads\/2018\/11\/aeroportuario-5-768x407.jpg 768w, https:\/\/www.repmaxint.com\/home\/wp-content\/uploads\/2018\/11\/aeroportuario-5-1024x543.jpg 1024w\" sizes=\"auto, (max-width: 2000px) 100vw, 2000px\" \/><\/h4>\n<h4><span style=\"color: #808080;\"><strong>Dispersores de l\u00edquidos descongelantes <\/strong>de diversas capacidades seg\u00fan la capacidad requerida por el cliente.<\/span><\/h4>\n<hr \/>\n<h4><img loading=\"lazy\" decoding=\"async\" class=\"alignnone wp-image-413 size-full\" src=\"http:\/\/www.repmaxint.com\/wp-content\/uploads\/2018\/11\/aeroportuario-6.jpg\" alt=\"\" width=\"2000\" height=\"1191\" srcset=\"https:\/\/www.repmaxint.com\/home\/wp-content\/uploads\/2018\/11\/aeroportuario-6.jpg 2000w, https:\/\/www.repmaxint.com\/home\/wp-content\/uploads\/2018\/11\/aeroportuario-6-300x179.jpg 300w, https:\/\/www.repmaxint.com\/home\/wp-content\/uploads\/2018\/11\/aeroportuario-6-768x457.jpg 768w, https:\/\/www.repmaxint.com\/home\/wp-content\/uploads\/2018\/11\/aeroportuario-6-1024x610.jpg 1024w\" sizes=\"auto, (max-width: 2000px) 100vw, 2000px\" \/><\/h4>\n<h4><span style=\"color: #808080;\"><strong>Sistema soplador con tobera orientable <\/strong>para limpieza de luces de pista y calles de rodaje. Montaje sobre cualquier tipo de veh\u00edculo.<\/span><\/h4>\n<hr \/>\n","protected":false},"excerpt":{"rendered":"<p>Equipamiento para uso Aeroportuario La mantenci\u00f3n de las pistas de aviaci\u00f3n es uno de los renglones mas demandantes de la actividad invernal. El equipo debe contar con la posibilidad de minimizar el tiempo de trabajo al m\u00e1ximo posible para poder recuperar el coeficiente de fricci\u00d3n adecuado a los niveles de seguridad que demandan hoy d\u00eda<\/p>\n<div><a class=\"btn-filled btn\" href=\"https:\/\/www.repmaxint.com\/home\/equipamiento\/aeroportuario\/\" title=\"Aeroportuario\">Read More<\/a><\/div>\n","protected":false},"author":1,"featured_media":0,"parent":66,"menu_order":0,"comment_status":"closed","ping_status":"closed","template":"page-templates\/sidebar-right.php","meta":{"footnotes":""},"class_list":["post-2","page","type-page","status-publish","hentry"],"_links":{"self":[{"href":"https:\/\/www.repmaxint.com\/home\/wp-json\/wp\/v2\/pages\/2","targetHints":{"allow":["GET"]}}],"collection":[{"href":"https:\/\/www.repmaxint.com\/home\/wp-json\/wp\/v2\/pages"}],"about":[{"href":"https:\/\/www.repmaxint.com\/home\/wp-json\/wp\/v2\/types\/page"}],"author":[{"embeddable":true,"href":"https:\/\/www.repmaxint.com\/home\/wp-json\/wp\/v2\/users\/1"}],"replies":[{"embeddable":true,"href":"https:\/\/www.repmaxint.com\/home\/wp-json\/wp\/v2\/comments?post=2"}],"version-history":[{"count":52,"href":"https:\/\/www.repmaxint.com\/home\/wp-json\/wp\/v2\/pages\/2\/revisions"}],"predecessor-version":[{"id":504,"href":"https:\/\/www.repmaxint.com\/home\/wp-json\/wp\/v2\/pages\/2\/revisions\/504"}],"up":[{"embeddable":true,"href":"https:\/\/www.repmaxint.com\/home\/wp-json\/wp\/v2\/pages\/66"}],"wp:attachment":[{"href":"https:\/\/www.repmaxint.com\/home\/wp-json\/wp\/v2\/media?parent=2"}],"curies":[{"name":"wp","href":"https:\/\/api.w.org\/{rel}","templated":true}]}}