{"id":263,"date":"2018-11-24T13:50:09","date_gmt":"2018-11-24T13:50:09","guid":{"rendered":"http:\/\/www.repmaxint.com\/home\/?page_id=263"},"modified":"2018-12-26T14:24:40","modified_gmt":"2018-12-26T14:24:40","slug":"agricola","status":"publish","type":"page","link":"https:\/\/www.repmaxint.com\/home\/equipamiento\/estival\/agricola\/","title":{"rendered":"Agr\u00edcola"},"content":{"rendered":"<h4><span style=\"color: #808080;\"><strong>Despedregadora <\/strong>HR 8000 altura de Descarga 2.45 m Tolva de 3.3 m3 que permite recolectar mas piedras ahorrando combustible y viajes al vaciadero. Otros modelos de distintas capacidades disponibles.<\/span><\/h4>\n<h4><img loading=\"lazy\" decoding=\"async\" class=\"alignnone wp-image-394 size-full\" src=\"http:\/\/www.repmaxint.com\/wp-content\/uploads\/2018\/11\/agricola-1.jpg\" alt=\"\" width=\"2000\" height=\"1628\" srcset=\"https:\/\/www.repmaxint.com\/home\/wp-content\/uploads\/2018\/11\/agricola-1.jpg 2000w, https:\/\/www.repmaxint.com\/home\/wp-content\/uploads\/2018\/11\/agricola-1-300x244.jpg 300w, https:\/\/www.repmaxint.com\/home\/wp-content\/uploads\/2018\/11\/agricola-1-768x625.jpg 768w, https:\/\/www.repmaxint.com\/home\/wp-content\/uploads\/2018\/11\/agricola-1-1024x834.jpg 1024w\" sizes=\"auto, (max-width: 2000px) 100vw, 2000px\" \/><\/h4>\n<hr \/>\n<h4><span style=\"color: #808080;\"><strong>Hileradoras de piedras <\/strong>pivotantes SRW800. Ancho de tambor 2215 mm.<\/span><\/h4>\n<p><img loading=\"lazy\" decoding=\"async\" class=\"alignnone wp-image-396 size-full\" src=\"http:\/\/www.repmaxint.com\/wp-content\/uploads\/2018\/11\/agricola-2.jpg\" alt=\"\" width=\"2000\" height=\"865\" srcset=\"https:\/\/www.repmaxint.com\/home\/wp-content\/uploads\/2018\/11\/agricola-2.jpg 2000w, https:\/\/www.repmaxint.com\/home\/wp-content\/uploads\/2018\/11\/agricola-2-300x130.jpg 300w, https:\/\/www.repmaxint.com\/home\/wp-content\/uploads\/2018\/11\/agricola-2-768x332.jpg 768w, https:\/\/www.repmaxint.com\/home\/wp-content\/uploads\/2018\/11\/agricola-2-1024x443.jpg 1024w\" sizes=\"auto, (max-width: 2000px) 100vw, 2000px\" \/><\/p>\n<hr \/>\n<h4><span style=\"color: #808080;\">Disponible ademas otras de diversos pesos y sinfines con cuchillas mas agresivas dependiendo de la dificultad del terreno anchos de trabajo de hasta 4270 mm.<\/span><\/h4>\n<p><img loading=\"lazy\" decoding=\"async\" class=\"alignnone wp-image-397 size-full\" src=\"http:\/\/www.repmaxint.com\/wp-content\/uploads\/2018\/11\/agricola-3.jpg\" alt=\"\" width=\"2000\" height=\"1130\" srcset=\"https:\/\/www.repmaxint.com\/home\/wp-content\/uploads\/2018\/11\/agricola-3.jpg 2000w, https:\/\/www.repmaxint.com\/home\/wp-content\/uploads\/2018\/11\/agricola-3-300x170.jpg 300w, https:\/\/www.repmaxint.com\/home\/wp-content\/uploads\/2018\/11\/agricola-3-768x434.jpg 768w, https:\/\/www.repmaxint.com\/home\/wp-content\/uploads\/2018\/11\/agricola-3-1024x579.jpg 1024w\" sizes=\"auto, (max-width: 2000px) 100vw, 2000px\" \/><\/p>\n<hr \/>\n<h4 class=\"p1\"><span style=\"color: #808080;\">La remoci\u00f3n de piedras y rocas es una labor francamente muy dura y por momentos penosa, sin embargo esta llamada a tener un final gratificante ya que gracias a la tecnolog\u00eda de Schulte se permite la recuperaci\u00f3n de campos para ser destinados a la agricultura cuando de otra forma eran lugares olvidados o jam\u00e1s tenidos en cuenta para ello.\u00a0<\/span><span style=\"color: #808080;\">Los equipos Schulte est\u00e1n dise\u00f1ados para soportar el maltrato y castigo propio de este tipo de tareas . Desarrollados y dise\u00f1ados originariamente para la recuperaci\u00f3n de campos para aplicaci\u00f3n agr\u00edcola de la dura estepa canadiense.<\/span><\/h4>\n","protected":false},"excerpt":{"rendered":"<p>Despedregadora HR 8000 altura de Descarga 2.45 m Tolva de 3.3 m3 que permite recolectar mas piedras ahorrando combustible y viajes al vaciadero. Otros modelos de distintas capacidades disponibles. Hileradoras de piedras pivotantes SRW800. Ancho de tambor 2215 mm. Disponible ademas otras de diversos pesos y sinfines con cuchillas mas agresivas dependiendo de la dificultad<\/p>\n<div><a class=\"btn-filled btn\" href=\"https:\/\/www.repmaxint.com\/home\/equipamiento\/estival\/agricola\/\" title=\"Agr\u00edcola\">Read More<\/a><\/div>\n","protected":false},"author":1,"featured_media":0,"parent":187,"menu_order":0,"comment_status":"closed","ping_status":"closed","template":"page-templates\/sidebar-right.php","meta":{"footnotes":""},"class_list":["post-263","page","type-page","status-publish","hentry"],"_links":{"self":[{"href":"https:\/\/www.repmaxint.com\/home\/wp-json\/wp\/v2\/pages\/263","targetHints":{"allow":["GET"]}}],"collection":[{"href":"https:\/\/www.repmaxint.com\/home\/wp-json\/wp\/v2\/pages"}],"about":[{"href":"https:\/\/www.repmaxint.com\/home\/wp-json\/wp\/v2\/types\/page"}],"author":[{"embeddable":true,"href":"https:\/\/www.repmaxint.com\/home\/wp-json\/wp\/v2\/users\/1"}],"replies":[{"embeddable":true,"href":"https:\/\/www.repmaxint.com\/home\/wp-json\/wp\/v2\/comments?post=263"}],"version-history":[{"count":18,"href":"https:\/\/www.repmaxint.com\/home\/wp-json\/wp\/v2\/pages\/263\/revisions"}],"predecessor-version":[{"id":591,"href":"https:\/\/www.repmaxint.com\/home\/wp-json\/wp\/v2\/pages\/263\/revisions\/591"}],"up":[{"embeddable":true,"href":"https:\/\/www.repmaxint.com\/home\/wp-json\/wp\/v2\/pages\/187"}],"wp:attachment":[{"href":"https:\/\/www.repmaxint.com\/home\/wp-json\/wp\/v2\/media?parent=263"}],"curies":[{"name":"wp","href":"https:\/\/api.w.org\/{rel}","templated":true}]}}